{"id":10,"date":"2019-01-23T12:02:58","date_gmt":"2019-01-23T11:02:58","guid":{"rendered":"http:\/\/lowegrow.aplus.pl\/kulturowyspichlerz\/?page_id=10"},"modified":"2019-01-24T20:22:15","modified_gmt":"2019-01-24T19:22:15","slug":"kontakt","status":"publish","type":"page","link":"http:\/\/lowegrow.aplus.pl\/kulturowyspichlerz\/kontakt\/","title":{"rendered":"Kontakt"},"content":{"rendered":"<p>Kulturowy Spichlerz jest otwarty dla zwiedzaj\u0105cych od poniedzia\u0142ku do pi\u0105tku w godzinach od 8.00 do 20.00, a w soboty i niedziele po uzgodnieniu z zarz\u0105dc\u0105 budynku:<br \/>\nI Liceum Og\u00f3lnokszta\u0142c\u0105ce im. Adama Mickiewicza<br \/>\nul. Mickiewicza 3<br \/>\n07-100 W\u0119gr\u00f3w<br \/>\ntel.\/fax : (0 25) 792 44 24<br \/>\ne-mail : lo_weg@poczta.onet.pl<\/p>\n","protected":false},"excerpt":{"rendered":"<p>Kulturowy Spichlerz jest otwarty dla zwiedzaj\u0105cych od poniedzia\u0142ku do pi\u0105tku w godzinach od 8.00 do 20.00, a w soboty i niedziele po uzgodnieniu z zarz\u0105dc\u0105 budynku: I Liceum Og\u00f3lnokszta\u0142c\u0105ce im. Adama Mickiewicza ul. Mickiewicza 3 07-100 W\u0119gr\u00f3w tel.\/fax : (0 [&hellip;]<\/p>\n","protected":false},"author":1,"featured_media":5,"parent":0,"menu_order":0,"comment_status":"closed","ping_status":"closed","template":"","meta":{"footnotes":""},"class_list":["post-10","page","type-page","status-publish","has-post-thumbnail","hentry"],"_links":{"self":[{"href":"http:\/\/lowegrow.aplus.pl\/kulturowyspichlerz\/wp-json\/wp\/v2\/pages\/10","targetHints":{"allow":["GET"]}}],"collection":[{"href":"http:\/\/lowegrow.aplus.pl\/kulturowyspichlerz\/wp-json\/wp\/v2\/pages"}],"about":[{"href":"http:\/\/lowegrow.aplus.pl\/kulturowyspichlerz\/wp-json\/wp\/v2\/types\/page"}],"author":[{"embeddable":true,"href":"http:\/\/lowegrow.aplus.pl\/kulturowyspichlerz\/wp-json\/wp\/v2\/users\/1"}],"replies":[{"embeddable":true,"href":"http:\/\/lowegrow.aplus.pl\/kulturowyspichlerz\/wp-json\/wp\/v2\/comments?post=10"}],"version-history":[{"count":3,"href":"http:\/\/lowegrow.aplus.pl\/kulturowyspichlerz\/wp-json\/wp\/v2\/pages\/10\/revisions"}],"predecessor-version":[{"id":305,"href":"http:\/\/lowegrow.aplus.pl\/kulturowyspichlerz\/wp-json\/wp\/v2\/pages\/10\/revisions\/305"}],"wp:featuredmedia":[{"embeddable":true,"href":"http:\/\/lowegrow.aplus.pl\/kulturowyspichlerz\/wp-json\/wp\/v2\/media\/5"}],"wp:attachment":[{"href":"http:\/\/lowegrow.aplus.pl\/kulturowyspichlerz\/wp-json\/wp\/v2\/media?parent=10"}],"curies":[{"name":"wp","href":"https:\/\/api.w.org\/{rel}","templated":true}]}}