{"id":143,"date":"2019-01-23T22:37:15","date_gmt":"2019-01-23T21:37:15","guid":{"rendered":"http:\/\/lowegrow.aplus.pl\/kulturowyspichlerz\/?page_id=143"},"modified":"2019-01-27T16:44:38","modified_gmt":"2019-01-27T15:44:38","slug":"warsztaty-taneczno-wokalne","status":"publish","type":"page","link":"http:\/\/lowegrow.aplus.pl\/kulturowyspichlerz\/warsztaty-taneczno-wokalne\/","title":{"rendered":"Warsztaty taneczno-wokalne"},"content":{"rendered":"<p>Zesp\u00f3\u0142 Pie\u015bni i Ta\u0144ca &#8222;Zawierucha&#8221; powsta\u0142 we wrze\u015bniu 2016r. w I LO im. Adama Mickiewicza w W\u0119growie.<\/p>\n<hr \/>\n<p>Warsztaty taneczno\u2013wokalne dla grupy 36 tancerzy z Zespo\u0142u Pie\u015bni i Ta\u0144ca &#8222;Zawierucha&#8221;:<\/p>\n<ul>\n<li>\n<h5><strong><em><span style=\"color: black;\">45 godzin warsztat\u00f3w.<\/span><\/em><\/strong><\/h5>\n<\/li>\n<li>\n<h5><strong><em><span style=\"color: black;\">Uczniowie poznali nowy uk\u0142ad taneczny b\u0119d\u0105cy sk\u0142adank\u0105 ta\u0144c\u00f3w mazowieckich i \u0142owickich.<\/span><\/em><\/strong><\/h5>\n<\/li>\n<li>\n<h5><strong><em><span style=\"color: black;\">Warsztaty z towarzyszeniem muzyki ludowej wykonywanej przez akompaniuj\u0105cego muzyka prof. A. Giersa.<\/span><\/em><\/strong><\/h5>\n<\/li>\n<li>\n<h5><strong><em><span style=\"color: black;\">Prowadz\u0105cy warsztaty taneczne: pan Kamil Zaliwski, absolwent Podyplomowych Studi\u00f3w Choreograficznych na Uniwersytecie Rzeszowskim, prowadzi zespo\u0142y taneczne o specjalizacji Taniec Polski, absolwent Uniwersytetu Przyrodniczo-Humanistycznego w Siedlcach na wydziale pedagogika ze specjalizacj\u0105 Animator i Mened\u017cer Kultury, uczestnik licznych kurs\u00f3w i szkole\u0144 z dziedziny ta\u0144c\u00f3w i kultury ludowej.<\/span><\/em><\/strong><\/h5>\n<\/li>\n<\/ul>\n<ul>\n<li>\n<h5><strong><em><span style=\"color: black;\">Opiekun i koordynator warsztat\u00f3w: prof. K. Veit.<\/span><\/em><\/strong><\/h5>\n<\/li>\n<\/ul>\n<p>&nbsp;<\/p>\n<hr \/>\n<p>&nbsp;<\/p>\n<p>Warsztaty wokalne dla tancerzy Zespo\u0142u Pie\u015bni i Ta\u0144ca &#8222;Zawierucha&#8221;:<\/p>\n<ul>\n<li>\n<h5><em><strong><span style=\"color: black;\">15 godzin warsztat\u00f3w.<\/span><\/strong><\/em><\/h5>\n<\/li>\n<\/ul>\n<ul>\n<li>\n<h5><em><strong><span style=\"color: black;\">Prowadz\u0105cy warsztaty wokalne: pani Anna Zag\u00f3rska absolwentka Uniwersytetu Muzycznego Fryderyka Chopina w Warszawie o specjalizacji &#8211; wokalistyka, obecnie pracuje w Pa\u0144stwowym Zespole Ludowym Pie\u015bni i Ta\u0144ca &#8222;Mazowsze&#8221;.<\/span><\/strong><\/em><\/h5>\n<\/li>\n<\/ul>\n<p>&nbsp;<\/p>\n<p><center><br \/>\n<iframe loading=\"lazy\" src=\"https:\/\/www.youtube.com\/embed\/TTAs23eXrXY\" width=\"660\" height=\"415\" frameborder=\"0\" allowfullscreen=\"allowfullscreen\"><\/iframe><\/center><span style=\"color: black;\"><br \/>\nWycieczka edukacyjna do siedziby Zespo\u0142u Pie\u015bni i Ta\u0144ca &#8222;Mazowsze&#8221;<br \/>\nProgram:<\/span><\/p>\n<ul>\n<li>\n<h5><strong><em><span style=\"color: black;\">zwiedzanie Pa\u0142acu w Karolinie (siedziba &#8222;Mazowsza&#8221;),<\/span><\/em><\/strong><\/h5>\n<\/li>\n<li>\n<h5><strong><em><span style=\"color: black;\">warsztaty taneczne,<\/span><\/em><\/strong><\/h5>\n<\/li>\n<li>\n<h5><strong><em><span style=\"color: black;\">zwiedzenie wystawy kostium\u00f3w scenicznych ZPiT ,&#8221;Mazowsze&#8221;.<\/span><\/em><\/strong><\/h5>\n<\/li>\n<\/ul>\n<p>Wycieczka edukacyjna do pa\u0142acu w Patrykozach, neogotyckiej wiejskiej rezydencji z XIX w.<br \/>\n<div id=\"envira-gallery-wrap-385\" class=\"envira-gallery-wrap envira-gallery-theme-base envira-lightbox-theme-base\" itemscope itemtype=\"http:\/\/schema.org\/ImageGallery\"><div data-row-height=\"\" data-gallery-theme=\"\" id=\"envira-gallery-385\" class=\"envira-gallery-public  envira-gallery-2-columns envira-clear enviratope envira-gallery-css-animations\" data-envira-columns=\"2\"><div id=\"envira-gallery-item-386\" class=\"envira-gallery-item enviratope-item envira-gallery-item-1 envira-lazy-load\" style=\"padding-left: 5px; padding-bottom: 10px; padding-right: 5px;\"  itemscope itemtype=\"http:\/\/schema.org\/ImageObject\"><div class=\"envira-gallery-item-inner\"><div class=\"envira-gallery-position-overlay  envira-gallery-top-left\"><\/div><div class=\"envira-gallery-position-overlay  envira-gallery-top-right\"><\/div><div class=\"envira-gallery-position-overlay  envira-gallery-bottom-left\"><\/div><div class=\"envira-gallery-position-overlay  envira-gallery-bottom-right\"><\/div><a href=\"http:\/\/lowegrow.aplus.pl\/kulturowyspichlerz\/wp-content\/uploads\/2019\/01\/z1.jpg\" class=\"envira-gallery-385 envira-gallery-link\" rel=\"enviragallery385\" title=\"z1\" data-envira-caption=\"z1\" data-envira-retina=\"\" data-thumbnail=\"\"  itemprop=\"contentUrl\"><div class=\"envira-lazy\" data-test-width=\"640\" data-test-height=\"480\" style=\"padding-bottom:75%;\"><img decoding=\"async\" id=\"envira-gallery-image-386\" class=\"envira-gallery-image envira-gallery-image-1\" data-envira-index=\"1\" src=\"http:\/\/lowegrow.aplus.pl\/kulturowyspichlerz\/wp-content\/uploads\/2019\/01\/z1-640x480.jpg\" data-envira-src=\"http:\/\/lowegrow.aplus.pl\/kulturowyspichlerz\/wp-content\/uploads\/2019\/01\/z1-640x480.jpg\" data-envira-gallery-id=\"385\" data-envira-item-id=\"386\" data-envira-caption=\"z1\" alt=\"\" title=\"z1\"  itemprop=\"thumbnailUrl\" data-envira-srcset=\"http:\/\/lowegrow.aplus.pl\/kulturowyspichlerz\/wp-content\/uploads\/2019\/01\/z1-640x480.jpg 400w,http:\/\/lowegrow.aplus.pl\/kulturowyspichlerz\/wp-content\/uploads\/2019\/01\/z1-640x480.jpg 2x\" srcset=\"data:image\/gif;base64,R0lGODlhAQABAIAAAP\/\/\/\/\/\/\/yH5BAEKAAEALAAAAAABAAEAAAICTAEAOw==\" \/><\/div><\/a><\/div><\/div><div id=\"envira-gallery-item-387\" class=\"envira-gallery-item enviratope-item envira-gallery-item-2 envira-lazy-load\" style=\"padding-left: 5px; padding-bottom: 10px; padding-right: 5px;\"  itemscope itemtype=\"http:\/\/schema.org\/ImageObject\"><div class=\"envira-gallery-item-inner\"><div class=\"envira-gallery-position-overlay  envira-gallery-top-left\"><\/div><div class=\"envira-gallery-position-overlay  envira-gallery-top-right\"><\/div><div class=\"envira-gallery-position-overlay  envira-gallery-bottom-left\"><\/div><div class=\"envira-gallery-position-overlay  envira-gallery-bottom-right\"><\/div><a href=\"http:\/\/lowegrow.aplus.pl\/kulturowyspichlerz\/wp-content\/uploads\/2019\/01\/z2.jpg\" class=\"envira-gallery-385 envira-gallery-link\" rel=\"enviragallery385\" title=\"z2\" data-envira-caption=\"z2\" data-envira-retina=\"\" data-thumbnail=\"\"  itemprop=\"contentUrl\"><div class=\"envira-lazy\" data-test-width=\"640\" data-test-height=\"480\" style=\"padding-bottom:75%;\"><img decoding=\"async\" id=\"envira-gallery-image-387\" class=\"envira-gallery-image envira-gallery-image-2\" data-envira-index=\"2\" src=\"http:\/\/lowegrow.aplus.pl\/kulturowyspichlerz\/wp-content\/uploads\/2019\/01\/z2-640x480.jpg\" data-envira-src=\"http:\/\/lowegrow.aplus.pl\/kulturowyspichlerz\/wp-content\/uploads\/2019\/01\/z2-640x480.jpg\" data-envira-gallery-id=\"385\" data-envira-item-id=\"387\" data-envira-caption=\"z2\" alt=\"\" title=\"z2\"  itemprop=\"thumbnailUrl\" data-envira-srcset=\"http:\/\/lowegrow.aplus.pl\/kulturowyspichlerz\/wp-content\/uploads\/2019\/01\/z2-640x480.jpg 400w,http:\/\/lowegrow.aplus.pl\/kulturowyspichlerz\/wp-content\/uploads\/2019\/01\/z2-640x480.jpg 2x\" srcset=\"data:image\/gif;base64,R0lGODlhAQABAIAAAP\/\/\/\/\/\/\/yH5BAEKAAEALAAAAAABAAEAAAICTAEAOw==\" \/><\/div><\/a><\/div><\/div><div id=\"envira-gallery-item-388\" class=\"envira-gallery-item enviratope-item envira-gallery-item-3 envira-lazy-load\" style=\"padding-left: 5px; padding-bottom: 10px; padding-right: 5px;\"  itemscope itemtype=\"http:\/\/schema.org\/ImageObject\"><div class=\"envira-gallery-item-inner\"><div class=\"envira-gallery-position-overlay  envira-gallery-top-left\"><\/div><div class=\"envira-gallery-position-overlay  envira-gallery-top-right\"><\/div><div class=\"envira-gallery-position-overlay  envira-gallery-bottom-left\"><\/div><div class=\"envira-gallery-position-overlay  envira-gallery-bottom-right\"><\/div><a href=\"http:\/\/lowegrow.aplus.pl\/kulturowyspichlerz\/wp-content\/uploads\/2019\/01\/z3.jpg\" class=\"envira-gallery-385 envira-gallery-link\" rel=\"enviragallery385\" title=\"z3\" data-envira-caption=\"z3\" data-envira-retina=\"\" data-thumbnail=\"\"  itemprop=\"contentUrl\"><div class=\"envira-lazy\" data-test-width=\"640\" data-test-height=\"480\" style=\"padding-bottom:75%;\"><img decoding=\"async\" id=\"envira-gallery-image-388\" class=\"envira-gallery-image envira-gallery-image-3\" data-envira-index=\"3\" src=\"http:\/\/lowegrow.aplus.pl\/kulturowyspichlerz\/wp-content\/uploads\/2019\/01\/z3-640x480.jpg\" data-envira-src=\"http:\/\/lowegrow.aplus.pl\/kulturowyspichlerz\/wp-content\/uploads\/2019\/01\/z3-640x480.jpg\" data-envira-gallery-id=\"385\" data-envira-item-id=\"388\" data-envira-caption=\"z3\" alt=\"\" title=\"z3\"  itemprop=\"thumbnailUrl\" data-envira-srcset=\"http:\/\/lowegrow.aplus.pl\/kulturowyspichlerz\/wp-content\/uploads\/2019\/01\/z3-640x480.jpg 400w,http:\/\/lowegrow.aplus.pl\/kulturowyspichlerz\/wp-content\/uploads\/2019\/01\/z3-640x480.jpg 2x\" srcset=\"data:image\/gif;base64,R0lGODlhAQABAIAAAP\/\/\/\/\/\/\/yH5BAEKAAEALAAAAAABAAEAAAICTAEAOw==\" \/><\/div><\/a><\/div><\/div><div id=\"envira-gallery-item-389\" class=\"envira-gallery-item enviratope-item envira-gallery-item-4 envira-lazy-load\" style=\"padding-left: 5px; padding-bottom: 10px; padding-right: 5px;\"  itemscope itemtype=\"http:\/\/schema.org\/ImageObject\"><div class=\"envira-gallery-item-inner\"><div class=\"envira-gallery-position-overlay  envira-gallery-top-left\"><\/div><div class=\"envira-gallery-position-overlay  envira-gallery-top-right\"><\/div><div class=\"envira-gallery-position-overlay  envira-gallery-bottom-left\"><\/div><div class=\"envira-gallery-position-overlay  envira-gallery-bottom-right\"><\/div><a href=\"http:\/\/lowegrow.aplus.pl\/kulturowyspichlerz\/wp-content\/uploads\/2019\/01\/z4.jpg\" class=\"envira-gallery-385 envira-gallery-link\" rel=\"enviragallery385\" title=\"z4\" data-envira-caption=\"z4\" data-envira-retina=\"\" data-thumbnail=\"\"  itemprop=\"contentUrl\"><div class=\"envira-lazy\" data-test-width=\"640\" data-test-height=\"480\" style=\"padding-bottom:75%;\"><img decoding=\"async\" id=\"envira-gallery-image-389\" class=\"envira-gallery-image envira-gallery-image-4\" data-envira-index=\"4\" src=\"http:\/\/lowegrow.aplus.pl\/kulturowyspichlerz\/wp-content\/uploads\/2019\/01\/z4-640x480.jpg\" data-envira-src=\"http:\/\/lowegrow.aplus.pl\/kulturowyspichlerz\/wp-content\/uploads\/2019\/01\/z4-640x480.jpg\" data-envira-gallery-id=\"385\" data-envira-item-id=\"389\" data-envira-caption=\"z4\" alt=\"\" title=\"z4\"  itemprop=\"thumbnailUrl\" data-envira-srcset=\"http:\/\/lowegrow.aplus.pl\/kulturowyspichlerz\/wp-content\/uploads\/2019\/01\/z4-640x480.jpg 400w,http:\/\/lowegrow.aplus.pl\/kulturowyspichlerz\/wp-content\/uploads\/2019\/01\/z4-640x480.jpg 2x\" srcset=\"data:image\/gif;base64,R0lGODlhAQABAIAAAP\/\/\/\/\/\/\/yH5BAEKAAEALAAAAAABAAEAAAICTAEAOw==\" \/><\/div><\/a><\/div><\/div><\/div><\/div><noscript><img decoding=\"async\" src=\"http:\/\/lowegrow.aplus.pl\/kulturowyspichlerz\/wp-content\/uploads\/2019\/01\/z1.jpg\" alt=\"\" \/><img decoding=\"async\" src=\"http:\/\/lowegrow.aplus.pl\/kulturowyspichlerz\/wp-content\/uploads\/2019\/01\/z2.jpg\" alt=\"\" \/><img decoding=\"async\" src=\"http:\/\/lowegrow.aplus.pl\/kulturowyspichlerz\/wp-content\/uploads\/2019\/01\/z3.jpg\" alt=\"\" \/><img decoding=\"async\" src=\"http:\/\/lowegrow.aplus.pl\/kulturowyspichlerz\/wp-content\/uploads\/2019\/01\/z4.jpg\" alt=\"\" \/><\/noscript><span style=\"color: black;\">Debiut ta\u0144ca \u0142owickiego odby\u0142 si\u0119 podczas obchodu 100-lecia Liceum Og\u00f3lnokszta\u0142c\u0105cego w W\u0119growie 22 wrze\u015bnia 2018 r.<br \/>\n<div id=\"envira-gallery-wrap-391\" class=\"envira-gallery-wrap envira-gallery-theme-base envira-lightbox-theme-base\" itemscope itemtype=\"http:\/\/schema.org\/ImageGallery\"><div data-row-height=\"\" data-gallery-theme=\"\" id=\"envira-gallery-391\" class=\"envira-gallery-public  envira-gallery-2-columns envira-clear enviratope envira-gallery-css-animations\" data-envira-columns=\"2\"><div id=\"envira-gallery-item-392\" class=\"envira-gallery-item enviratope-item envira-gallery-item-1 envira-lazy-load\" style=\"padding-left: 5px; padding-bottom: 10px; padding-right: 5px;\"  itemscope itemtype=\"http:\/\/schema.org\/ImageObject\"><div class=\"envira-gallery-item-inner\"><div class=\"envira-gallery-position-overlay  envira-gallery-top-left\"><\/div><div class=\"envira-gallery-position-overlay  envira-gallery-top-right\"><\/div><div class=\"envira-gallery-position-overlay  envira-gallery-bottom-left\"><\/div><div class=\"envira-gallery-position-overlay  envira-gallery-bottom-right\"><\/div><a href=\"http:\/\/lowegrow.aplus.pl\/kulturowyspichlerz\/wp-content\/uploads\/2019\/01\/100lecie1.jpg\" class=\"envira-gallery-391 envira-gallery-link\" rel=\"enviragallery391\" title=\"100lecie1\" data-envira-caption=\"100lecie1\" data-envira-retina=\"\" data-thumbnail=\"\"  itemprop=\"contentUrl\"><div class=\"envira-lazy\" data-test-width=\"640\" data-test-height=\"480\" style=\"padding-bottom:75%;\"><img decoding=\"async\" id=\"envira-gallery-image-392\" class=\"envira-gallery-image envira-gallery-image-1\" data-envira-index=\"1\" src=\"http:\/\/lowegrow.aplus.pl\/kulturowyspichlerz\/wp-content\/uploads\/2019\/01\/100lecie1-640x480.jpg\" data-envira-src=\"http:\/\/lowegrow.aplus.pl\/kulturowyspichlerz\/wp-content\/uploads\/2019\/01\/100lecie1-640x480.jpg\" data-envira-gallery-id=\"391\" data-envira-item-id=\"392\" data-envira-caption=\"100lecie1\" alt=\"\" title=\"100lecie1\"  itemprop=\"thumbnailUrl\" data-envira-srcset=\"http:\/\/lowegrow.aplus.pl\/kulturowyspichlerz\/wp-content\/uploads\/2019\/01\/100lecie1-640x480.jpg 400w,http:\/\/lowegrow.aplus.pl\/kulturowyspichlerz\/wp-content\/uploads\/2019\/01\/100lecie1-640x480.jpg 2x\" srcset=\"data:image\/gif;base64,R0lGODlhAQABAIAAAP\/\/\/\/\/\/\/yH5BAEKAAEALAAAAAABAAEAAAICTAEAOw==\" \/><\/div><\/a><\/div><\/div><div id=\"envira-gallery-item-393\" class=\"envira-gallery-item enviratope-item envira-gallery-item-2 envira-lazy-load\" style=\"padding-left: 5px; padding-bottom: 10px; padding-right: 5px;\"  itemscope itemtype=\"http:\/\/schema.org\/ImageObject\"><div class=\"envira-gallery-item-inner\"><div class=\"envira-gallery-position-overlay  envira-gallery-top-left\"><\/div><div class=\"envira-gallery-position-overlay  envira-gallery-top-right\"><\/div><div class=\"envira-gallery-position-overlay  envira-gallery-bottom-left\"><\/div><div class=\"envira-gallery-position-overlay  envira-gallery-bottom-right\"><\/div><a href=\"http:\/\/lowegrow.aplus.pl\/kulturowyspichlerz\/wp-content\/uploads\/2019\/01\/100lecie2.jpg\" class=\"envira-gallery-391 envira-gallery-link\" rel=\"enviragallery391\" title=\"100lecie2\" data-envira-caption=\"100lecie2\" data-envira-retina=\"\" data-thumbnail=\"\"  itemprop=\"contentUrl\"><div class=\"envira-lazy\" data-test-width=\"640\" data-test-height=\"480\" style=\"padding-bottom:75%;\"><img decoding=\"async\" id=\"envira-gallery-image-393\" class=\"envira-gallery-image envira-gallery-image-2\" data-envira-index=\"2\" src=\"http:\/\/lowegrow.aplus.pl\/kulturowyspichlerz\/wp-content\/uploads\/2019\/01\/100lecie2-640x480.jpg\" data-envira-src=\"http:\/\/lowegrow.aplus.pl\/kulturowyspichlerz\/wp-content\/uploads\/2019\/01\/100lecie2-640x480.jpg\" data-envira-gallery-id=\"391\" data-envira-item-id=\"393\" data-envira-caption=\"100lecie2\" alt=\"\" title=\"100lecie2\"  itemprop=\"thumbnailUrl\" data-envira-srcset=\"http:\/\/lowegrow.aplus.pl\/kulturowyspichlerz\/wp-content\/uploads\/2019\/01\/100lecie2-640x480.jpg 400w,http:\/\/lowegrow.aplus.pl\/kulturowyspichlerz\/wp-content\/uploads\/2019\/01\/100lecie2-640x480.jpg 2x\" srcset=\"data:image\/gif;base64,R0lGODlhAQABAIAAAP\/\/\/\/\/\/\/yH5BAEKAAEALAAAAAABAAEAAAICTAEAOw==\" \/><\/div><\/a><\/div><\/div><div id=\"envira-gallery-item-394\" class=\"envira-gallery-item enviratope-item envira-gallery-item-3 envira-lazy-load\" style=\"padding-left: 5px; padding-bottom: 10px; padding-right: 5px;\"  itemscope itemtype=\"http:\/\/schema.org\/ImageObject\"><div class=\"envira-gallery-item-inner\"><div class=\"envira-gallery-position-overlay  envira-gallery-top-left\"><\/div><div class=\"envira-gallery-position-overlay  envira-gallery-top-right\"><\/div><div class=\"envira-gallery-position-overlay  envira-gallery-bottom-left\"><\/div><div class=\"envira-gallery-position-overlay  envira-gallery-bottom-right\"><\/div><a href=\"http:\/\/lowegrow.aplus.pl\/kulturowyspichlerz\/wp-content\/uploads\/2019\/01\/100lecie3.jpg\" class=\"envira-gallery-391 envira-gallery-link\" rel=\"enviragallery391\" title=\"100lecie3\" data-envira-caption=\"100lecie3\" data-envira-retina=\"\" data-thumbnail=\"\"  itemprop=\"contentUrl\"><div class=\"envira-lazy\" data-test-width=\"640\" data-test-height=\"480\" style=\"padding-bottom:75%;\"><img decoding=\"async\" id=\"envira-gallery-image-394\" class=\"envira-gallery-image envira-gallery-image-3\" data-envira-index=\"3\" src=\"http:\/\/lowegrow.aplus.pl\/kulturowyspichlerz\/wp-content\/uploads\/2019\/01\/100lecie3-640x480.jpg\" data-envira-src=\"http:\/\/lowegrow.aplus.pl\/kulturowyspichlerz\/wp-content\/uploads\/2019\/01\/100lecie3-640x480.jpg\" data-envira-gallery-id=\"391\" data-envira-item-id=\"394\" data-envira-caption=\"100lecie3\" alt=\"\" title=\"100lecie3\"  itemprop=\"thumbnailUrl\" data-envira-srcset=\"http:\/\/lowegrow.aplus.pl\/kulturowyspichlerz\/wp-content\/uploads\/2019\/01\/100lecie3-640x480.jpg 400w,http:\/\/lowegrow.aplus.pl\/kulturowyspichlerz\/wp-content\/uploads\/2019\/01\/100lecie3-640x480.jpg 2x\" srcset=\"data:image\/gif;base64,R0lGODlhAQABAIAAAP\/\/\/\/\/\/\/yH5BAEKAAEALAAAAAABAAEAAAICTAEAOw==\" \/><\/div><\/a><\/div><\/div><div id=\"envira-gallery-item-395\" class=\"envira-gallery-item enviratope-item envira-gallery-item-4 envira-lazy-load\" style=\"padding-left: 5px; padding-bottom: 10px; padding-right: 5px;\"  itemscope itemtype=\"http:\/\/schema.org\/ImageObject\"><div class=\"envira-gallery-item-inner\"><div class=\"envira-gallery-position-overlay  envira-gallery-top-left\"><\/div><div class=\"envira-gallery-position-overlay  envira-gallery-top-right\"><\/div><div class=\"envira-gallery-position-overlay  envira-gallery-bottom-left\"><\/div><div class=\"envira-gallery-position-overlay  envira-gallery-bottom-right\"><\/div><a href=\"http:\/\/lowegrow.aplus.pl\/kulturowyspichlerz\/wp-content\/uploads\/2019\/01\/100lecie4.jpg\" class=\"envira-gallery-391 envira-gallery-link\" rel=\"enviragallery391\" title=\"100lecie4\" data-envira-caption=\"100lecie4\" data-envira-retina=\"\" data-thumbnail=\"\"  itemprop=\"contentUrl\"><div class=\"envira-lazy\" data-test-width=\"640\" data-test-height=\"480\" style=\"padding-bottom:75%;\"><img decoding=\"async\" id=\"envira-gallery-image-395\" class=\"envira-gallery-image envira-gallery-image-4\" data-envira-index=\"4\" src=\"http:\/\/lowegrow.aplus.pl\/kulturowyspichlerz\/wp-content\/uploads\/2019\/01\/100lecie4-640x480.jpg\" data-envira-src=\"http:\/\/lowegrow.aplus.pl\/kulturowyspichlerz\/wp-content\/uploads\/2019\/01\/100lecie4-640x480.jpg\" data-envira-gallery-id=\"391\" data-envira-item-id=\"395\" data-envira-caption=\"100lecie4\" alt=\"\" title=\"100lecie4\"  itemprop=\"thumbnailUrl\" data-envira-srcset=\"http:\/\/lowegrow.aplus.pl\/kulturowyspichlerz\/wp-content\/uploads\/2019\/01\/100lecie4-640x480.jpg 400w,http:\/\/lowegrow.aplus.pl\/kulturowyspichlerz\/wp-content\/uploads\/2019\/01\/100lecie4-640x480.jpg 2x\" srcset=\"data:image\/gif;base64,R0lGODlhAQABAIAAAP\/\/\/\/\/\/\/yH5BAEKAAEALAAAAAABAAEAAAICTAEAOw==\" \/><\/div><\/a><\/div><\/div><\/div><\/div><noscript><img decoding=\"async\" src=\"http:\/\/lowegrow.aplus.pl\/kulturowyspichlerz\/wp-content\/uploads\/2019\/01\/100lecie1.jpg\" alt=\"\" \/><img decoding=\"async\" src=\"http:\/\/lowegrow.aplus.pl\/kulturowyspichlerz\/wp-content\/uploads\/2019\/01\/100lecie2.jpg\" alt=\"\" \/><img decoding=\"async\" src=\"http:\/\/lowegrow.aplus.pl\/kulturowyspichlerz\/wp-content\/uploads\/2019\/01\/100lecie3.jpg\" alt=\"\" \/><img decoding=\"async\" src=\"http:\/\/lowegrow.aplus.pl\/kulturowyspichlerz\/wp-content\/uploads\/2019\/01\/100lecie4.jpg\" alt=\"\" \/><\/noscript><\/span><\/p>\n","protected":false},"excerpt":{"rendered":"<p>Zesp\u00f3\u0142 Pie\u015bni i Ta\u0144ca &#8222;Zawierucha&#8221; powsta\u0142 we wrze\u015bniu 2016r. w I LO im. Adama Mickiewicza w W\u0119growie. Warsztaty taneczno\u2013wokalne dla grupy 36 tancerzy z Zespo\u0142u Pie\u015bni i Ta\u0144ca &#8222;Zawierucha&#8221;: 45 godzin warsztat\u00f3w. Uczniowie poznali nowy uk\u0142ad taneczny b\u0119d\u0105cy sk\u0142adank\u0105 ta\u0144c\u00f3w [&hellip;]<\/p>\n","protected":false},"author":1,"featured_media":0,"parent":0,"menu_order":0,"comment_status":"closed","ping_status":"closed","template":"","meta":{"footnotes":""},"class_list":["post-143","page","type-page","status-publish","hentry"],"_links":{"self":[{"href":"http:\/\/lowegrow.aplus.pl\/kulturowyspichlerz\/wp-json\/wp\/v2\/pages\/143","targetHints":{"allow":["GET"]}}],"collection":[{"href":"http:\/\/lowegrow.aplus.pl\/kulturowyspichlerz\/wp-json\/wp\/v2\/pages"}],"about":[{"href":"http:\/\/lowegrow.aplus.pl\/kulturowyspichlerz\/wp-json\/wp\/v2\/types\/page"}],"author":[{"embeddable":true,"href":"http:\/\/lowegrow.aplus.pl\/kulturowyspichlerz\/wp-json\/wp\/v2\/users\/1"}],"replies":[{"embeddable":true,"href":"http:\/\/lowegrow.aplus.pl\/kulturowyspichlerz\/wp-json\/wp\/v2\/comments?post=143"}],"version-history":[{"count":41,"href":"http:\/\/lowegrow.aplus.pl\/kulturowyspichlerz\/wp-json\/wp\/v2\/pages\/143\/revisions"}],"predecessor-version":[{"id":407,"href":"http:\/\/lowegrow.aplus.pl\/kulturowyspichlerz\/wp-json\/wp\/v2\/pages\/143\/revisions\/407"}],"wp:attachment":[{"href":"http:\/\/lowegrow.aplus.pl\/kulturowyspichlerz\/wp-json\/wp\/v2\/media?parent=143"}],"curies":[{"name":"wp","href":"https:\/\/api.w.org\/{rel}","templated":true}]}}