{"id":146,"date":"2019-01-23T22:38:14","date_gmt":"2019-01-23T21:38:14","guid":{"rendered":"http:\/\/lowegrow.aplus.pl\/kulturowyspichlerz\/?page_id=146"},"modified":"2019-01-26T18:25:47","modified_gmt":"2019-01-26T17:25:47","slug":"warsztaty-mistrz-i-uczen","status":"publish","type":"page","link":"http:\/\/lowegrow.aplus.pl\/kulturowyspichlerz\/warsztaty-mistrz-i-uczen\/","title":{"rendered":"Warsztaty &#8222;Mistrz i ucze\u0144&#8221;"},"content":{"rendered":"<p align=\"justify\">Dwie grupy m\u0142odzie\u017cy uczestniczy\u0142y w 1,5-godzinnych warsztatach r\u0119kodzie\u0142a ludowego pod nazw\u0105 \u201eMistrz i ucze\u0144\u201d. Mistrzem, przewodnikiem po trudnej sztuce r\u0119kodzie\u0142a ludowego, by\u0142a pani Ma\u0142gorzata Pep\u0142owska, najbardziej znana tw\u00f3rczyni ludowa pogranicza Podlasia i Mazowsza. Podczas warsztat\u00f3w m\u0142odzie\u017c pozna\u0142a technik\u0119 wykonywania kwiat\u00f3w z bibu\u0142y oraz wycinanek z op\u0142atka. Ka\u017cdy z uczestnik\u00f3w m\u00f3g\u0142 spr\u00f3bowa\u0107 swoich si\u0142 przy wykonywaniu stokrotek, r\u00f3\u017cyczek, szafirk\u00f3w i bratk\u00f3w oraz jednop\u0142aszczyznowych i przestrzennych dekoracji z op\u0142atka nawi\u0105zuj\u0105cych do najstarszych wzor\u00f3w: gwiazd, kr\u0119g\u00f3w, kulistych \u015bwiat\u00f3w. Pracy m\u0142odzie\u017cy towarzyszy\u0142y opowie\u015bci pani Pep\u0142owskiej o jej dorobku artystycznym, podr\u00f3\u017cach i trudno\u015bciach w wykonywaniu trudnego zawodu tw\u00f3rcy ludowego.<br \/>\n<div id=\"envira-gallery-wrap-377\" class=\"envira-gallery-wrap envira-gallery-theme-base envira-lightbox-theme-base\" itemscope itemtype=\"http:\/\/schema.org\/ImageGallery\"><div style=\"opacity: 0.0\"  data-row-height=\"150\" data-gallery-theme=\"normal\" id=\"envira-gallery-377\" class=\"envira-gallery-public envira-gallery-justified-public envira-gallery-0-columns envira-clear enviratope envira-gallery-css-animations\" data-envira-columns=\"0\"><div id=\"envira-gallery-item-376\" class=\"envira-gallery-item enviratope-item envira-gallery-item-1 envira-lazy-load\" style=\"padding-left: 5px; padding-bottom: 10px; padding-right: 5px;\"  itemscope itemtype=\"http:\/\/schema.org\/ImageObject\"><div class=\"envira-gallery-item-inner\"><div class=\"envira-gallery-position-overlay  envira-gallery-top-left\"><\/div><div class=\"envira-gallery-position-overlay  envira-gallery-top-right\"><\/div><div class=\"envira-gallery-position-overlay  envira-gallery-bottom-left\"><\/div><div class=\"envira-gallery-position-overlay  envira-gallery-bottom-right\"><\/div><a href=\"http:\/\/lowegrow.aplus.pl\/kulturowyspichlerz\/wp-content\/uploads\/2019\/01\/ks11.jpg\" class=\"envira-gallery-377 envira-gallery-link\" rel=\"enviragallery377\" title=\"ks11\" data-envira-caption=\"ks11\" data-envira-retina=\"\" data-thumbnail=\"\"  itemprop=\"contentUrl\"><img decoding=\"async\" id=\"envira-gallery-image-376\" class=\"envira-gallery-image envira-gallery-image-1 envira-normal envira-lazy\" data-envira-index=\"1\" src=\"http:\/\/lowegrow.aplus.pl\/kulturowyspichlerz\/wp-content\/uploads\/2019\/01\/ks11-640x480.jpg\" data-envira-src=\"http:\/\/lowegrow.aplus.pl\/kulturowyspichlerz\/wp-content\/uploads\/2019\/01\/ks11-640x480.jpg\" data-envira-gallery-id=\"377\" data-envira-item-id=\"376\" data-envira-caption=\"ks11\" alt=\"\" title=\"ks11\"  itemprop=\"thumbnailUrl\" data-envira-srcset=\"http:\/\/lowegrow.aplus.pl\/kulturowyspichlerz\/wp-content\/uploads\/2019\/01\/ks11-640x480.jpg 400w,http:\/\/lowegrow.aplus.pl\/kulturowyspichlerz\/wp-content\/uploads\/2019\/01\/ks11-640x480.jpg 2x\" data-envira-width=\"300\" data-envira-height=\"200\" srcset=\"data:image\/gif;base64,R0lGODlhAQABAIAAAP\/\/\/\/\/\/\/yH5BAEKAAEALAAAAAABAAEAAAICTAEAOw==\" data-safe-src=\"data:image\/gif;base64,R0lGODlhAQABAIAAAP\/\/\/\/\/\/\/yH5BAEKAAEALAAAAAABAAEAAAICTAEAOw==\" \/><\/a><\/div><\/div><div id=\"envira-gallery-item-375\" class=\"envira-gallery-item enviratope-item envira-gallery-item-2 envira-lazy-load\" style=\"padding-left: 5px; padding-bottom: 10px; padding-right: 5px;\"  itemscope itemtype=\"http:\/\/schema.org\/ImageObject\"><div class=\"envira-gallery-item-inner\"><div class=\"envira-gallery-position-overlay  envira-gallery-top-left\"><\/div><div class=\"envira-gallery-position-overlay  envira-gallery-top-right\"><\/div><div class=\"envira-gallery-position-overlay  envira-gallery-bottom-left\"><\/div><div class=\"envira-gallery-position-overlay  envira-gallery-bottom-right\"><\/div><a href=\"http:\/\/lowegrow.aplus.pl\/kulturowyspichlerz\/wp-content\/uploads\/2019\/01\/ks10.jpg\" class=\"envira-gallery-377 envira-gallery-link\" rel=\"enviragallery377\" title=\"ks10\" data-envira-caption=\"ks10\" data-envira-retina=\"\" data-thumbnail=\"\"  itemprop=\"contentUrl\"><img decoding=\"async\" id=\"envira-gallery-image-375\" class=\"envira-gallery-image envira-gallery-image-2 envira-normal envira-lazy\" data-envira-index=\"2\" src=\"http:\/\/lowegrow.aplus.pl\/kulturowyspichlerz\/wp-content\/uploads\/2019\/01\/ks10-640x480.jpg\" data-envira-src=\"http:\/\/lowegrow.aplus.pl\/kulturowyspichlerz\/wp-content\/uploads\/2019\/01\/ks10-640x480.jpg\" data-envira-gallery-id=\"377\" data-envira-item-id=\"375\" data-envira-caption=\"ks10\" alt=\"\" title=\"ks10\"  itemprop=\"thumbnailUrl\" data-envira-srcset=\"http:\/\/lowegrow.aplus.pl\/kulturowyspichlerz\/wp-content\/uploads\/2019\/01\/ks10-640x480.jpg 400w,http:\/\/lowegrow.aplus.pl\/kulturowyspichlerz\/wp-content\/uploads\/2019\/01\/ks10-640x480.jpg 2x\" data-envira-width=\"300\" data-envira-height=\"200\" srcset=\"data:image\/gif;base64,R0lGODlhAQABAIAAAP\/\/\/\/\/\/\/yH5BAEKAAEALAAAAAABAAEAAAICTAEAOw==\" data-safe-src=\"data:image\/gif;base64,R0lGODlhAQABAIAAAP\/\/\/\/\/\/\/yH5BAEKAAEALAAAAAABAAEAAAICTAEAOw==\" \/><\/a><\/div><\/div><div id=\"envira-gallery-item-374\" class=\"envira-gallery-item enviratope-item envira-gallery-item-3 envira-lazy-load\" style=\"padding-left: 5px; padding-bottom: 10px; padding-right: 5px;\"  itemscope itemtype=\"http:\/\/schema.org\/ImageObject\"><div class=\"envira-gallery-item-inner\"><div class=\"envira-gallery-position-overlay  envira-gallery-top-left\"><\/div><div class=\"envira-gallery-position-overlay  envira-gallery-top-right\"><\/div><div class=\"envira-gallery-position-overlay  envira-gallery-bottom-left\"><\/div><div class=\"envira-gallery-position-overlay  envira-gallery-bottom-right\"><\/div><a href=\"http:\/\/lowegrow.aplus.pl\/kulturowyspichlerz\/wp-content\/uploads\/2019\/01\/ks09.jpg\" class=\"envira-gallery-377 envira-gallery-link\" rel=\"enviragallery377\" title=\"ks09\" data-envira-caption=\"ks09\" data-envira-retina=\"\" data-thumbnail=\"\"  itemprop=\"contentUrl\"><img decoding=\"async\" id=\"envira-gallery-image-374\" class=\"envira-gallery-image envira-gallery-image-3 envira-normal envira-lazy\" data-envira-index=\"3\" src=\"http:\/\/lowegrow.aplus.pl\/kulturowyspichlerz\/wp-content\/uploads\/2019\/01\/ks09-640x480.jpg\" data-envira-src=\"http:\/\/lowegrow.aplus.pl\/kulturowyspichlerz\/wp-content\/uploads\/2019\/01\/ks09-640x480.jpg\" data-envira-gallery-id=\"377\" data-envira-item-id=\"374\" data-envira-caption=\"ks09\" alt=\"\" title=\"ks09\"  itemprop=\"thumbnailUrl\" data-envira-srcset=\"http:\/\/lowegrow.aplus.pl\/kulturowyspichlerz\/wp-content\/uploads\/2019\/01\/ks09-640x480.jpg 400w,http:\/\/lowegrow.aplus.pl\/kulturowyspichlerz\/wp-content\/uploads\/2019\/01\/ks09-640x480.jpg 2x\" data-envira-width=\"300\" data-envira-height=\"200\" srcset=\"data:image\/gif;base64,R0lGODlhAQABAIAAAP\/\/\/\/\/\/\/yH5BAEKAAEALAAAAAABAAEAAAICTAEAOw==\" data-safe-src=\"data:image\/gif;base64,R0lGODlhAQABAIAAAP\/\/\/\/\/\/\/yH5BAEKAAEALAAAAAABAAEAAAICTAEAOw==\" \/><\/a><\/div><\/div><div id=\"envira-gallery-item-373\" class=\"envira-gallery-item enviratope-item envira-gallery-item-4 envira-lazy-load\" style=\"padding-left: 5px; padding-bottom: 10px; padding-right: 5px;\"  itemscope itemtype=\"http:\/\/schema.org\/ImageObject\"><div class=\"envira-gallery-item-inner\"><div class=\"envira-gallery-position-overlay  envira-gallery-top-left\"><\/div><div class=\"envira-gallery-position-overlay  envira-gallery-top-right\"><\/div><div class=\"envira-gallery-position-overlay  envira-gallery-bottom-left\"><\/div><div class=\"envira-gallery-position-overlay  envira-gallery-bottom-right\"><\/div><a href=\"http:\/\/lowegrow.aplus.pl\/kulturowyspichlerz\/wp-content\/uploads\/2019\/01\/ks08.jpg\" class=\"envira-gallery-377 envira-gallery-link\" rel=\"enviragallery377\" title=\"ks08\" data-envira-caption=\"ks08\" data-envira-retina=\"\" data-thumbnail=\"\"  itemprop=\"contentUrl\"><img decoding=\"async\" id=\"envira-gallery-image-373\" class=\"envira-gallery-image envira-gallery-image-4 envira-normal envira-lazy\" data-envira-index=\"4\" src=\"http:\/\/lowegrow.aplus.pl\/kulturowyspichlerz\/wp-content\/uploads\/2019\/01\/ks08-640x480.jpg\" data-envira-src=\"http:\/\/lowegrow.aplus.pl\/kulturowyspichlerz\/wp-content\/uploads\/2019\/01\/ks08-640x480.jpg\" data-envira-gallery-id=\"377\" data-envira-item-id=\"373\" data-envira-caption=\"ks08\" alt=\"\" title=\"ks08\"  itemprop=\"thumbnailUrl\" data-envira-srcset=\"http:\/\/lowegrow.aplus.pl\/kulturowyspichlerz\/wp-content\/uploads\/2019\/01\/ks08-640x480.jpg 400w,http:\/\/lowegrow.aplus.pl\/kulturowyspichlerz\/wp-content\/uploads\/2019\/01\/ks08-640x480.jpg 2x\" data-envira-width=\"300\" data-envira-height=\"200\" srcset=\"data:image\/gif;base64,R0lGODlhAQABAIAAAP\/\/\/\/\/\/\/yH5BAEKAAEALAAAAAABAAEAAAICTAEAOw==\" data-safe-src=\"data:image\/gif;base64,R0lGODlhAQABAIAAAP\/\/\/\/\/\/\/yH5BAEKAAEALAAAAAABAAEAAAICTAEAOw==\" \/><\/a><\/div><\/div><div id=\"envira-gallery-item-372\" class=\"envira-gallery-item enviratope-item envira-gallery-item-5 envira-lazy-load\" style=\"padding-left: 5px; padding-bottom: 10px; padding-right: 5px;\"  itemscope itemtype=\"http:\/\/schema.org\/ImageObject\"><div class=\"envira-gallery-item-inner\"><div class=\"envira-gallery-position-overlay  envira-gallery-top-left\"><\/div><div class=\"envira-gallery-position-overlay  envira-gallery-top-right\"><\/div><div class=\"envira-gallery-position-overlay  envira-gallery-bottom-left\"><\/div><div class=\"envira-gallery-position-overlay  envira-gallery-bottom-right\"><\/div><a href=\"http:\/\/lowegrow.aplus.pl\/kulturowyspichlerz\/wp-content\/uploads\/2019\/01\/ks06.jpg\" class=\"envira-gallery-377 envira-gallery-link\" rel=\"enviragallery377\" title=\"ks06\" data-envira-caption=\"ks06\" data-envira-retina=\"\" data-thumbnail=\"\"  itemprop=\"contentUrl\"><img decoding=\"async\" id=\"envira-gallery-image-372\" class=\"envira-gallery-image envira-gallery-image-5 envira-normal envira-lazy\" data-envira-index=\"5\" src=\"http:\/\/lowegrow.aplus.pl\/kulturowyspichlerz\/wp-content\/uploads\/2019\/01\/ks06-640x480.jpg\" data-envira-src=\"http:\/\/lowegrow.aplus.pl\/kulturowyspichlerz\/wp-content\/uploads\/2019\/01\/ks06-640x480.jpg\" data-envira-gallery-id=\"377\" data-envira-item-id=\"372\" data-envira-caption=\"ks06\" alt=\"\" title=\"ks06\"  itemprop=\"thumbnailUrl\" data-envira-srcset=\"http:\/\/lowegrow.aplus.pl\/kulturowyspichlerz\/wp-content\/uploads\/2019\/01\/ks06-640x480.jpg 400w,http:\/\/lowegrow.aplus.pl\/kulturowyspichlerz\/wp-content\/uploads\/2019\/01\/ks06-640x480.jpg 2x\" data-envira-width=\"300\" data-envira-height=\"200\" srcset=\"data:image\/gif;base64,R0lGODlhAQABAIAAAP\/\/\/\/\/\/\/yH5BAEKAAEALAAAAAABAAEAAAICTAEAOw==\" data-safe-src=\"data:image\/gif;base64,R0lGODlhAQABAIAAAP\/\/\/\/\/\/\/yH5BAEKAAEALAAAAAABAAEAAAICTAEAOw==\" \/><\/a><\/div><\/div><div id=\"envira-gallery-item-371\" class=\"envira-gallery-item enviratope-item envira-gallery-item-6 envira-lazy-load\" style=\"padding-left: 5px; padding-bottom: 10px; padding-right: 5px;\"  itemscope itemtype=\"http:\/\/schema.org\/ImageObject\"><div class=\"envira-gallery-item-inner\"><div class=\"envira-gallery-position-overlay  envira-gallery-top-left\"><\/div><div class=\"envira-gallery-position-overlay  envira-gallery-top-right\"><\/div><div class=\"envira-gallery-position-overlay  envira-gallery-bottom-left\"><\/div><div class=\"envira-gallery-position-overlay  envira-gallery-bottom-right\"><\/div><a href=\"http:\/\/lowegrow.aplus.pl\/kulturowyspichlerz\/wp-content\/uploads\/2019\/01\/ks05.jpg\" class=\"envira-gallery-377 envira-gallery-link\" rel=\"enviragallery377\" title=\"ks05\" data-envira-caption=\"ks05\" data-envira-retina=\"\" data-thumbnail=\"\"  itemprop=\"contentUrl\"><img decoding=\"async\" id=\"envira-gallery-image-371\" class=\"envira-gallery-image envira-gallery-image-6 envira-normal envira-lazy\" data-envira-index=\"6\" src=\"http:\/\/lowegrow.aplus.pl\/kulturowyspichlerz\/wp-content\/uploads\/2019\/01\/ks05-640x480.jpg\" data-envira-src=\"http:\/\/lowegrow.aplus.pl\/kulturowyspichlerz\/wp-content\/uploads\/2019\/01\/ks05-640x480.jpg\" data-envira-gallery-id=\"377\" data-envira-item-id=\"371\" data-envira-caption=\"ks05\" alt=\"\" title=\"ks05\"  itemprop=\"thumbnailUrl\" data-envira-srcset=\"http:\/\/lowegrow.aplus.pl\/kulturowyspichlerz\/wp-content\/uploads\/2019\/01\/ks05-640x480.jpg 400w,http:\/\/lowegrow.aplus.pl\/kulturowyspichlerz\/wp-content\/uploads\/2019\/01\/ks05-640x480.jpg 2x\" data-envira-width=\"200\" data-envira-height=\"300\" srcset=\"data:image\/gif;base64,R0lGODlhAQABAIAAAP\/\/\/\/\/\/\/yH5BAEKAAEALAAAAAABAAEAAAICTAEAOw==\" data-safe-src=\"data:image\/gif;base64,R0lGODlhAQABAIAAAP\/\/\/\/\/\/\/yH5BAEKAAEALAAAAAABAAEAAAICTAEAOw==\" \/><\/a><\/div><\/div><div id=\"envira-gallery-item-370\" class=\"envira-gallery-item enviratope-item envira-gallery-item-7 envira-lazy-load\" style=\"padding-left: 5px; padding-bottom: 10px; padding-right: 5px;\"  itemscope itemtype=\"http:\/\/schema.org\/ImageObject\"><div class=\"envira-gallery-item-inner\"><div class=\"envira-gallery-position-overlay  envira-gallery-top-left\"><\/div><div class=\"envira-gallery-position-overlay  envira-gallery-top-right\"><\/div><div class=\"envira-gallery-position-overlay  envira-gallery-bottom-left\"><\/div><div class=\"envira-gallery-position-overlay  envira-gallery-bottom-right\"><\/div><a href=\"http:\/\/lowegrow.aplus.pl\/kulturowyspichlerz\/wp-content\/uploads\/2019\/01\/ks04.jpg\" class=\"envira-gallery-377 envira-gallery-link\" rel=\"enviragallery377\" title=\"ks04\" data-envira-caption=\"ks04\" data-envira-retina=\"\" data-thumbnail=\"\"  itemprop=\"contentUrl\"><img decoding=\"async\" id=\"envira-gallery-image-370\" class=\"envira-gallery-image envira-gallery-image-7 envira-normal envira-lazy\" data-envira-index=\"7\" src=\"http:\/\/lowegrow.aplus.pl\/kulturowyspichlerz\/wp-content\/uploads\/2019\/01\/ks04-640x480.jpg\" data-envira-src=\"http:\/\/lowegrow.aplus.pl\/kulturowyspichlerz\/wp-content\/uploads\/2019\/01\/ks04-640x480.jpg\" data-envira-gallery-id=\"377\" data-envira-item-id=\"370\" data-envira-caption=\"ks04\" alt=\"\" title=\"ks04\"  itemprop=\"thumbnailUrl\" data-envira-srcset=\"http:\/\/lowegrow.aplus.pl\/kulturowyspichlerz\/wp-content\/uploads\/2019\/01\/ks04-640x480.jpg 400w,http:\/\/lowegrow.aplus.pl\/kulturowyspichlerz\/wp-content\/uploads\/2019\/01\/ks04-640x480.jpg 2x\" data-envira-width=\"300\" data-envira-height=\"200\" srcset=\"data:image\/gif;base64,R0lGODlhAQABAIAAAP\/\/\/\/\/\/\/yH5BAEKAAEALAAAAAABAAEAAAICTAEAOw==\" data-safe-src=\"data:image\/gif;base64,R0lGODlhAQABAIAAAP\/\/\/\/\/\/\/yH5BAEKAAEALAAAAAABAAEAAAICTAEAOw==\" \/><\/a><\/div><\/div><div id=\"envira-gallery-item-368\" class=\"envira-gallery-item enviratope-item envira-gallery-item-8 envira-lazy-load\" style=\"padding-left: 5px; padding-bottom: 10px; padding-right: 5px;\"  itemscope itemtype=\"http:\/\/schema.org\/ImageObject\"><div class=\"envira-gallery-item-inner\"><div class=\"envira-gallery-position-overlay  envira-gallery-top-left\"><\/div><div class=\"envira-gallery-position-overlay  envira-gallery-top-right\"><\/div><div class=\"envira-gallery-position-overlay  envira-gallery-bottom-left\"><\/div><div class=\"envira-gallery-position-overlay  envira-gallery-bottom-right\"><\/div><a href=\"http:\/\/lowegrow.aplus.pl\/kulturowyspichlerz\/wp-content\/uploads\/2019\/01\/ks02.jpg\" class=\"envira-gallery-377 envira-gallery-link\" rel=\"enviragallery377\" title=\"ks02\" data-envira-caption=\"ks02\" data-envira-retina=\"\" data-thumbnail=\"\"  itemprop=\"contentUrl\"><img decoding=\"async\" id=\"envira-gallery-image-368\" class=\"envira-gallery-image envira-gallery-image-8 envira-normal envira-lazy\" data-envira-index=\"8\" src=\"http:\/\/lowegrow.aplus.pl\/kulturowyspichlerz\/wp-content\/uploads\/2019\/01\/ks02-640x480.jpg\" data-envira-src=\"http:\/\/lowegrow.aplus.pl\/kulturowyspichlerz\/wp-content\/uploads\/2019\/01\/ks02-640x480.jpg\" data-envira-gallery-id=\"377\" data-envira-item-id=\"368\" data-envira-caption=\"ks02\" alt=\"\" title=\"ks02\"  itemprop=\"thumbnailUrl\" data-envira-srcset=\"http:\/\/lowegrow.aplus.pl\/kulturowyspichlerz\/wp-content\/uploads\/2019\/01\/ks02-640x480.jpg 400w,http:\/\/lowegrow.aplus.pl\/kulturowyspichlerz\/wp-content\/uploads\/2019\/01\/ks02-640x480.jpg 2x\" data-envira-width=\"300\" data-envira-height=\"200\" srcset=\"data:image\/gif;base64,R0lGODlhAQABAIAAAP\/\/\/\/\/\/\/yH5BAEKAAEALAAAAAABAAEAAAICTAEAOw==\" data-safe-src=\"data:image\/gif;base64,R0lGODlhAQABAIAAAP\/\/\/\/\/\/\/yH5BAEKAAEALAAAAAABAAEAAAICTAEAOw==\" \/><\/a><\/div><\/div><div id=\"envira-gallery-item-369\" class=\"envira-gallery-item enviratope-item envira-gallery-item-9 envira-lazy-load\" style=\"padding-left: 5px; padding-bottom: 10px; padding-right: 5px;\"  itemscope itemtype=\"http:\/\/schema.org\/ImageObject\"><div class=\"envira-gallery-item-inner\"><div class=\"envira-gallery-position-overlay  envira-gallery-top-left\"><\/div><div class=\"envira-gallery-position-overlay  envira-gallery-top-right\"><\/div><div class=\"envira-gallery-position-overlay  envira-gallery-bottom-left\"><\/div><div class=\"envira-gallery-position-overlay  envira-gallery-bottom-right\"><\/div><a href=\"http:\/\/lowegrow.aplus.pl\/kulturowyspichlerz\/wp-content\/uploads\/2019\/01\/ks03.jpg\" class=\"envira-gallery-377 envira-gallery-link\" rel=\"enviragallery377\" title=\"ks03\" data-envira-caption=\"ks03\" data-envira-retina=\"\" data-thumbnail=\"\"  itemprop=\"contentUrl\"><img decoding=\"async\" id=\"envira-gallery-image-369\" class=\"envira-gallery-image envira-gallery-image-9 envira-normal envira-lazy\" data-envira-index=\"9\" src=\"http:\/\/lowegrow.aplus.pl\/kulturowyspichlerz\/wp-content\/uploads\/2019\/01\/ks03-640x480.jpg\" data-envira-src=\"http:\/\/lowegrow.aplus.pl\/kulturowyspichlerz\/wp-content\/uploads\/2019\/01\/ks03-640x480.jpg\" data-envira-gallery-id=\"377\" data-envira-item-id=\"369\" data-envira-caption=\"ks03\" alt=\"\" title=\"ks03\"  itemprop=\"thumbnailUrl\" data-envira-srcset=\"http:\/\/lowegrow.aplus.pl\/kulturowyspichlerz\/wp-content\/uploads\/2019\/01\/ks03-640x480.jpg 400w,http:\/\/lowegrow.aplus.pl\/kulturowyspichlerz\/wp-content\/uploads\/2019\/01\/ks03-640x480.jpg 2x\" data-envira-width=\"300\" data-envira-height=\"200\" srcset=\"data:image\/gif;base64,R0lGODlhAQABAIAAAP\/\/\/\/\/\/\/yH5BAEKAAEALAAAAAABAAEAAAICTAEAOw==\" data-safe-src=\"data:image\/gif;base64,R0lGODlhAQABAIAAAP\/\/\/\/\/\/\/yH5BAEKAAEALAAAAAABAAEAAAICTAEAOw==\" \/><\/a><\/div><\/div><div id=\"envira-gallery-item-367\" class=\"envira-gallery-item enviratope-item envira-gallery-item-10 envira-lazy-load\" style=\"padding-left: 5px; padding-bottom: 10px; padding-right: 5px;\"  itemscope itemtype=\"http:\/\/schema.org\/ImageObject\"><div class=\"envira-gallery-item-inner\"><div class=\"envira-gallery-position-overlay  envira-gallery-top-left\"><\/div><div class=\"envira-gallery-position-overlay  envira-gallery-top-right\"><\/div><div class=\"envira-gallery-position-overlay  envira-gallery-bottom-left\"><\/div><div class=\"envira-gallery-position-overlay  envira-gallery-bottom-right\"><\/div><a href=\"http:\/\/lowegrow.aplus.pl\/kulturowyspichlerz\/wp-content\/uploads\/2019\/01\/ks01.jpg\" class=\"envira-gallery-377 envira-gallery-link\" rel=\"enviragallery377\" title=\"ks01\" data-envira-caption=\"ks01\" data-envira-retina=\"\" data-thumbnail=\"\"  itemprop=\"contentUrl\"><img decoding=\"async\" id=\"envira-gallery-image-367\" class=\"envira-gallery-image envira-gallery-image-10 envira-normal envira-lazy\" data-envira-index=\"10\" src=\"http:\/\/lowegrow.aplus.pl\/kulturowyspichlerz\/wp-content\/uploads\/2019\/01\/ks01-640x480.jpg\" data-envira-src=\"http:\/\/lowegrow.aplus.pl\/kulturowyspichlerz\/wp-content\/uploads\/2019\/01\/ks01-640x480.jpg\" data-envira-gallery-id=\"377\" data-envira-item-id=\"367\" data-envira-caption=\"ks01\" alt=\"\" title=\"ks01\"  itemprop=\"thumbnailUrl\" data-envira-srcset=\"http:\/\/lowegrow.aplus.pl\/kulturowyspichlerz\/wp-content\/uploads\/2019\/01\/ks01-640x480.jpg 400w,http:\/\/lowegrow.aplus.pl\/kulturowyspichlerz\/wp-content\/uploads\/2019\/01\/ks01-640x480.jpg 2x\" data-envira-width=\"300\" data-envira-height=\"200\" srcset=\"data:image\/gif;base64,R0lGODlhAQABAIAAAP\/\/\/\/\/\/\/yH5BAEKAAEALAAAAAABAAEAAAICTAEAOw==\" data-safe-src=\"data:image\/gif;base64,R0lGODlhAQABAIAAAP\/\/\/\/\/\/\/yH5BAEKAAEALAAAAAABAAEAAAICTAEAOw==\" \/><\/a><\/div><\/div><div id=\"envira-gallery-item-366\" class=\"envira-gallery-item enviratope-item envira-gallery-item-11 envira-lazy-load\" style=\"padding-left: 5px; padding-bottom: 10px; padding-right: 5px;\"  itemscope itemtype=\"http:\/\/schema.org\/ImageObject\"><div class=\"envira-gallery-item-inner\"><div class=\"envira-gallery-position-overlay  envira-gallery-top-left\"><\/div><div class=\"envira-gallery-position-overlay  envira-gallery-top-right\"><\/div><div class=\"envira-gallery-position-overlay  envira-gallery-bottom-left\"><\/div><div class=\"envira-gallery-position-overlay  envira-gallery-bottom-right\"><\/div><a href=\"http:\/\/lowegrow.aplus.pl\/kulturowyspichlerz\/wp-content\/uploads\/2019\/01\/ks07.jpg\" class=\"envira-gallery-377 envira-gallery-link\" rel=\"enviragallery377\" title=\"ks07\" data-envira-caption=\"ks07\" data-envira-retina=\"\" data-thumbnail=\"\"  itemprop=\"contentUrl\"><img decoding=\"async\" id=\"envira-gallery-image-366\" class=\"envira-gallery-image envira-gallery-image-11 envira-normal envira-lazy\" data-envira-index=\"11\" src=\"http:\/\/lowegrow.aplus.pl\/kulturowyspichlerz\/wp-content\/uploads\/2019\/01\/ks07-640x480.jpg\" data-envira-src=\"http:\/\/lowegrow.aplus.pl\/kulturowyspichlerz\/wp-content\/uploads\/2019\/01\/ks07-640x480.jpg\" data-envira-gallery-id=\"377\" data-envira-item-id=\"366\" data-envira-caption=\"ks07\" alt=\"\" title=\"ks07\"  itemprop=\"thumbnailUrl\" data-envira-srcset=\"http:\/\/lowegrow.aplus.pl\/kulturowyspichlerz\/wp-content\/uploads\/2019\/01\/ks07-640x480.jpg 400w,http:\/\/lowegrow.aplus.pl\/kulturowyspichlerz\/wp-content\/uploads\/2019\/01\/ks07-640x480.jpg 2x\" data-envira-width=\"300\" data-envira-height=\"200\" srcset=\"data:image\/gif;base64,R0lGODlhAQABAIAAAP\/\/\/\/\/\/\/yH5BAEKAAEALAAAAAABAAEAAAICTAEAOw==\" data-safe-src=\"data:image\/gif;base64,R0lGODlhAQABAIAAAP\/\/\/\/\/\/\/yH5BAEKAAEALAAAAAABAAEAAAICTAEAOw==\" \/><\/a><\/div><\/div><\/div><\/div><noscript><img decoding=\"async\" src=\"http:\/\/lowegrow.aplus.pl\/kulturowyspichlerz\/wp-content\/uploads\/2019\/01\/ks11.jpg\" alt=\"\" \/><img decoding=\"async\" src=\"http:\/\/lowegrow.aplus.pl\/kulturowyspichlerz\/wp-content\/uploads\/2019\/01\/ks10.jpg\" alt=\"\" \/><img decoding=\"async\" src=\"http:\/\/lowegrow.aplus.pl\/kulturowyspichlerz\/wp-content\/uploads\/2019\/01\/ks09.jpg\" alt=\"\" \/><img decoding=\"async\" src=\"http:\/\/lowegrow.aplus.pl\/kulturowyspichlerz\/wp-content\/uploads\/2019\/01\/ks08.jpg\" alt=\"\" \/><img decoding=\"async\" src=\"http:\/\/lowegrow.aplus.pl\/kulturowyspichlerz\/wp-content\/uploads\/2019\/01\/ks06.jpg\" alt=\"\" \/><img decoding=\"async\" src=\"http:\/\/lowegrow.aplus.pl\/kulturowyspichlerz\/wp-content\/uploads\/2019\/01\/ks05.jpg\" alt=\"\" \/><img decoding=\"async\" src=\"http:\/\/lowegrow.aplus.pl\/kulturowyspichlerz\/wp-content\/uploads\/2019\/01\/ks04.jpg\" alt=\"\" \/><img decoding=\"async\" src=\"http:\/\/lowegrow.aplus.pl\/kulturowyspichlerz\/wp-content\/uploads\/2019\/01\/ks02.jpg\" alt=\"\" \/><img decoding=\"async\" src=\"http:\/\/lowegrow.aplus.pl\/kulturowyspichlerz\/wp-content\/uploads\/2019\/01\/ks03.jpg\" alt=\"\" \/><img decoding=\"async\" src=\"http:\/\/lowegrow.aplus.pl\/kulturowyspichlerz\/wp-content\/uploads\/2019\/01\/ks01.jpg\" alt=\"\" \/><img decoding=\"async\" src=\"http:\/\/lowegrow.aplus.pl\/kulturowyspichlerz\/wp-content\/uploads\/2019\/01\/ks07.jpg\" alt=\"\" \/><\/noscript><\/p>\n","protected":false},"excerpt":{"rendered":"<p>Dwie grupy m\u0142odzie\u017cy uczestniczy\u0142y w 1,5-godzinnych warsztatach r\u0119kodzie\u0142a ludowego pod nazw\u0105 \u201eMistrz i ucze\u0144\u201d. Mistrzem, przewodnikiem po trudnej sztuce r\u0119kodzie\u0142a ludowego, by\u0142a pani Ma\u0142gorzata Pep\u0142owska, najbardziej znana tw\u00f3rczyni ludowa pogranicza Podlasia i Mazowsza. Podczas warsztat\u00f3w m\u0142odzie\u017c pozna\u0142a technik\u0119 wykonywania kwiat\u00f3w [&hellip;]<\/p>\n","protected":false},"author":1,"featured_media":0,"parent":0,"menu_order":0,"comment_status":"closed","ping_status":"closed","template":"","meta":{"footnotes":""},"class_list":["post-146","page","type-page","status-publish","hentry"],"_links":{"self":[{"href":"http:\/\/lowegrow.aplus.pl\/kulturowyspichlerz\/wp-json\/wp\/v2\/pages\/146","targetHints":{"allow":["GET"]}}],"collection":[{"href":"http:\/\/lowegrow.aplus.pl\/kulturowyspichlerz\/wp-json\/wp\/v2\/pages"}],"about":[{"href":"http:\/\/lowegrow.aplus.pl\/kulturowyspichlerz\/wp-json\/wp\/v2\/types\/page"}],"author":[{"embeddable":true,"href":"http:\/\/lowegrow.aplus.pl\/kulturowyspichlerz\/wp-json\/wp\/v2\/users\/1"}],"replies":[{"embeddable":true,"href":"http:\/\/lowegrow.aplus.pl\/kulturowyspichlerz\/wp-json\/wp\/v2\/comments?post=146"}],"version-history":[{"count":4,"href":"http:\/\/lowegrow.aplus.pl\/kulturowyspichlerz\/wp-json\/wp\/v2\/pages\/146\/revisions"}],"predecessor-version":[{"id":378,"href":"http:\/\/lowegrow.aplus.pl\/kulturowyspichlerz\/wp-json\/wp\/v2\/pages\/146\/revisions\/378"}],"wp:attachment":[{"href":"http:\/\/lowegrow.aplus.pl\/kulturowyspichlerz\/wp-json\/wp\/v2\/media?parent=146"}],"curies":[{"name":"wp","href":"https:\/\/api.w.org\/{rel}","templated":true}]}}