{"id":300,"date":"2019-01-24T20:17:25","date_gmt":"2019-01-24T19:17:25","guid":{"rendered":"http:\/\/lowegrow.aplus.pl\/kulturowyspichlerz\/?page_id=300"},"modified":"2019-01-24T20:18:17","modified_gmt":"2019-01-24T19:18:17","slug":"interaktywne-spotkania-z-tradycja","status":"publish","type":"page","link":"http:\/\/lowegrow.aplus.pl\/kulturowyspichlerz\/interaktywne-spotkania-z-tradycja\/","title":{"rendered":"Interaktywne spotkania z tradycj\u0105:"},"content":{"rendered":"<p>W ramach projektu zosta\u0142y zorganizowane:<br \/>\nWarsztaty taneczno-wokalne<br \/>\nWarsztaty &#8222;Mistrz i ucze\u0144&#8221;<br \/>\nWarsztaty &#8222;Dialekt mazowiecki w j\u0119zyku mieszka\u0144c\u00f3w pogranicza Mazowsza i Podlasia&#8221;<\/p>\n","protected":false},"excerpt":{"rendered":"<p>W ramach projektu zosta\u0142y zorganizowane: Warsztaty taneczno-wokalne Warsztaty &#8222;Mistrz i ucze\u0144&#8221; Warsztaty &#8222;Dialekt mazowiecki w j\u0119zyku mieszka\u0144c\u00f3w pogranicza Mazowsza i Podlasia&#8221;<\/p>\n","protected":false},"author":1,"featured_media":0,"parent":0,"menu_order":0,"comment_status":"closed","ping_status":"closed","template":"","meta":{"footnotes":""},"class_list":["post-300","page","type-page","status-publish","hentry"],"_links":{"self":[{"href":"http:\/\/lowegrow.aplus.pl\/kulturowyspichlerz\/wp-json\/wp\/v2\/pages\/300","targetHints":{"allow":["GET"]}}],"collection":[{"href":"http:\/\/lowegrow.aplus.pl\/kulturowyspichlerz\/wp-json\/wp\/v2\/pages"}],"about":[{"href":"http:\/\/lowegrow.aplus.pl\/kulturowyspichlerz\/wp-json\/wp\/v2\/types\/page"}],"author":[{"embeddable":true,"href":"http:\/\/lowegrow.aplus.pl\/kulturowyspichlerz\/wp-json\/wp\/v2\/users\/1"}],"replies":[{"embeddable":true,"href":"http:\/\/lowegrow.aplus.pl\/kulturowyspichlerz\/wp-json\/wp\/v2\/comments?post=300"}],"version-history":[{"count":2,"href":"http:\/\/lowegrow.aplus.pl\/kulturowyspichlerz\/wp-json\/wp\/v2\/pages\/300\/revisions"}],"predecessor-version":[{"id":302,"href":"http:\/\/lowegrow.aplus.pl\/kulturowyspichlerz\/wp-json\/wp\/v2\/pages\/300\/revisions\/302"}],"wp:attachment":[{"href":"http:\/\/lowegrow.aplus.pl\/kulturowyspichlerz\/wp-json\/wp\/v2\/media?parent=300"}],"curies":[{"name":"wp","href":"https:\/\/api.w.org\/{rel}","templated":true}]}}