{"id":8,"date":"2019-01-23T12:02:58","date_gmt":"2019-01-23T11:02:58","guid":{"rendered":"http:\/\/lowegrow.aplus.pl\/kulturowyspichlerz\/?page_id=8"},"modified":"2019-01-24T22:22:26","modified_gmt":"2019-01-24T21:22:26","slug":"strona-glowna","status":"publish","type":"page","link":"http:\/\/lowegrow.aplus.pl\/kulturowyspichlerz\/","title":{"rendered":"Projekt &#8222;Kulturowy Spichlerz&#8221;"},"content":{"rendered":"<p><img decoding=\"async\" src=\"http:\/\/lowegrow.aplus.pl\/kulturowyspichlerz\/wp-content\/uploads\/2019\/01\/spichlerz_5.png\" \/><\/p>\n<p align=\"justify\">\nStowarzyszenie \u201eOg\u00f3lniak\u201d na Rzecz Wspierania Inicjatyw Edukacyjnych w Liceum Og\u00f3lnokszta\u0142c\u0105cym im. A. Mickiewicza w W\u0119growie realizowa\u0142o projekt pn.: \u201eKulturowy Spichlerz\u201d. Operacja wpisuje si\u0119 w cel og\u00f3lny LSR Lokalnej Grupy Dzia\u0142ania \u201eB\u0105d\u017amy razem\u201d: \u201eWykorzystanie lokalnego potencja\u0142u dla poprawy jako\u015bci \u017cycia mieszka\u0144c\u00f3w\u201d i realizuje cel szczeg\u00f3\u0142owy: \u201eZachowanie gospodarcze, wykorzystanie zasob\u00f3w i tradycji kulturowych\u201d. Projekt jest realizacj\u0105 przedsi\u0119wzi\u0119cia LSR pn.: \u201eZasoby kulturowe\u201d.\u00a0Warto\u015b\u0107 dofinansowania projektu pn.: \u201eKulturowy Spichlerz\u201d otrzymana za po\u015brednictwem Stowarzyszenia LGB \u201eB\u0105d\u017amy razem\u201d wynosi 98 350,22z\u0142.<br \/>\n<img loading=\"lazy\" decoding=\"async\" width=\"450\" height=\"80\" class=\"size-medium wp-image-330 aligncenter\" src=\"http:\/\/lowegrow.aplus.pl\/kulturowyspichlerz\/wp-content\/uploads\/2019\/01\/pasek.png\" srcset=\"http:\/\/lowegrow.aplus.pl\/kulturowyspichlerz\/wp-content\/uploads\/2019\/01\/pasek.png 450w, http:\/\/lowegrow.aplus.pl\/kulturowyspichlerz\/wp-content\/uploads\/2019\/01\/pasek-300x53.png 300w\" sizes=\"auto, (max-width: 450px) 100vw, 450px\" \/><\/p>\n","protected":false},"excerpt":{"rendered":"<p>Stowarzyszenie \u201eOg\u00f3lniak\u201d na Rzecz Wspierania Inicjatyw Edukacyjnych w Liceum Og\u00f3lnokszta\u0142c\u0105cym im. A. Mickiewicza w W\u0119growie realizowa\u0142o projekt pn.: \u201eKulturowy Spichlerz\u201d. Operacja wpisuje si\u0119 w cel og\u00f3lny LSR Lokalnej Grupy Dzia\u0142ania \u201eB\u0105d\u017amy razem\u201d: \u201eWykorzystanie lokalnego potencja\u0142u dla poprawy jako\u015bci \u017cycia mieszka\u0144c\u00f3w\u201d [&hellip;]<\/p>\n","protected":false},"author":1,"featured_media":0,"parent":0,"menu_order":0,"comment_status":"closed","ping_status":"closed","template":"","meta":{"footnotes":""},"class_list":["post-8","page","type-page","status-publish","hentry"],"_links":{"self":[{"href":"http:\/\/lowegrow.aplus.pl\/kulturowyspichlerz\/wp-json\/wp\/v2\/pages\/8","targetHints":{"allow":["GET"]}}],"collection":[{"href":"http:\/\/lowegrow.aplus.pl\/kulturowyspichlerz\/wp-json\/wp\/v2\/pages"}],"about":[{"href":"http:\/\/lowegrow.aplus.pl\/kulturowyspichlerz\/wp-json\/wp\/v2\/types\/page"}],"author":[{"embeddable":true,"href":"http:\/\/lowegrow.aplus.pl\/kulturowyspichlerz\/wp-json\/wp\/v2\/users\/1"}],"replies":[{"embeddable":true,"href":"http:\/\/lowegrow.aplus.pl\/kulturowyspichlerz\/wp-json\/wp\/v2\/comments?post=8"}],"version-history":[{"count":19,"href":"http:\/\/lowegrow.aplus.pl\/kulturowyspichlerz\/wp-json\/wp\/v2\/pages\/8\/revisions"}],"predecessor-version":[{"id":335,"href":"http:\/\/lowegrow.aplus.pl\/kulturowyspichlerz\/wp-json\/wp\/v2\/pages\/8\/revisions\/335"}],"wp:attachment":[{"href":"http:\/\/lowegrow.aplus.pl\/kulturowyspichlerz\/wp-json\/wp\/v2\/media?parent=8"}],"curies":[{"name":"wp","href":"https:\/\/api.w.org\/{rel}","templated":true}]}}