{"id":2398,"date":"2024-10-09T20:28:43","date_gmt":"2024-10-09T18:28:43","guid":{"rendered":"https:\/\/lowegrow.aplus.pl\/cms\/?page_id=2398"},"modified":"2026-02-19T11:18:10","modified_gmt":"2026-02-19T10:18:10","slug":"standardy-ochrony-maloletnich","status":"publish","type":"page","link":"https:\/\/lowegrow.aplus.pl\/cms\/standardy-ochrony-maloletnich\/","title":{"rendered":"Standardy ochrony ma\u0142oletnich"},"content":{"rendered":"\n<p>Dokument dost\u0119pny po klikni\u0119ciu w link poni\u017cej.<\/p>\n\n\n\n<div data-wp-interactive=\"core\/file\" class=\"wp-block-file\"><object data-wp-bind--hidden=\"!state.hasPdfPreview\" hidden class=\"wp-block-file__embed\" data=\"https:\/\/lowegrow.aplus.pl\/cms\/wp-content\/uploads\/2026\/02\/standardy-ochrony-maloletnich-wersja-poprawiona.pdf\" type=\"application\/pdf\" style=\"width:100%;height:600px\" aria-label=\"Osadzone z standardy ochrony ma\u0142oletnich wersja poprawiona.\"><\/object><a id=\"wp-block-file--media-85e51489-e103-4126-b8c5-13c759fcc98e\" href=\"https:\/\/lowegrow.aplus.pl\/cms\/wp-content\/uploads\/2026\/02\/standardy-ochrony-maloletnich-wersja-poprawiona.pdf\">standardy ochrony ma\u0142oletnich wersja poprawiona<\/a><a href=\"https:\/\/lowegrow.aplus.pl\/cms\/wp-content\/uploads\/2026\/02\/standardy-ochrony-maloletnich-wersja-poprawiona.pdf\" class=\"wp-block-file__button wp-element-button\" download aria-describedby=\"wp-block-file--media-85e51489-e103-4126-b8c5-13c759fcc98e\">Pobierz<\/a><\/div>\n\n\n\n<ul class=\"wp-block-list\">\n<li><\/li>\n<\/ul>\n\n\n\n<p><\/p>\n\n\n\n<p><\/p>\n\n\n\n<p><\/p>\n\n\n\n<p><\/p>\n\n\n\n<p><\/p>\n\n\n\n<p><\/p>\n\n\n\n<p><\/p>\n\n\n\n<p><\/p>\n\n\n\n<p><\/p>\n\n\n\n<p><\/p>\n\n\n\n<p><\/p>\n\n\n\n<p><\/p>\n\n\n\n<p><\/p>\n\n\n\n<p><\/p>\n\n\n\n<p><\/p>\n\n\n\n<p><\/p>\n\n\n\n<p><\/p>\n\n\n\n<p>Edytowano.<\/p>\n","protected":false},"excerpt":{"rendered":"<p>Dokument dost\u0119pny po klikni\u0119ciu w link poni\u017cej. Edytowano.<\/p>\n","protected":false},"author":1,"featured_media":0,"parent":0,"menu_order":0,"comment_status":"closed","ping_status":"closed","template":"","meta":{"_eb_attr":"","ngg_post_thumbnail":0,"footnotes":""},"class_list":["post-2398","page","type-page","status-publish","hentry"],"blog_post_layout_featured_media_urls":{"thumbnail":"","full":""},"categories_names":null,"comments_number":"0","_links":{"self":[{"href":"https:\/\/lowegrow.aplus.pl\/cms\/wp-json\/wp\/v2\/pages\/2398","targetHints":{"allow":["GET"]}}],"collection":[{"href":"https:\/\/lowegrow.aplus.pl\/cms\/wp-json\/wp\/v2\/pages"}],"about":[{"href":"https:\/\/lowegrow.aplus.pl\/cms\/wp-json\/wp\/v2\/types\/page"}],"author":[{"embeddable":true,"href":"https:\/\/lowegrow.aplus.pl\/cms\/wp-json\/wp\/v2\/users\/1"}],"replies":[{"embeddable":true,"href":"https:\/\/lowegrow.aplus.pl\/cms\/wp-json\/wp\/v2\/comments?post=2398"}],"version-history":[{"count":4,"href":"https:\/\/lowegrow.aplus.pl\/cms\/wp-json\/wp\/v2\/pages\/2398\/revisions"}],"predecessor-version":[{"id":2756,"href":"https:\/\/lowegrow.aplus.pl\/cms\/wp-json\/wp\/v2\/pages\/2398\/revisions\/2756"}],"wp:attachment":[{"href":"https:\/\/lowegrow.aplus.pl\/cms\/wp-json\/wp\/v2\/media?parent=2398"}],"curies":[{"name":"wp","href":"https:\/\/api.w.org\/{rel}","templated":true}]}}