{"id":385,"date":"2022-09-25T10:32:38","date_gmt":"2022-09-25T08:32:38","guid":{"rendered":"https:\/\/lowegrow.aplus.pl\/cms\/?page_id=385"},"modified":"2022-10-03T18:44:08","modified_gmt":"2022-10-03T16:44:08","slug":"siec-pomocy-kolezenskiej","status":"publish","type":"page","link":"https:\/\/lowegrow.aplus.pl\/cms\/siec-pomocy-kolezenskiej\/","title":{"rendered":"Sie\u0107 pomocy kole\u017ce\u0144skiej"},"content":{"rendered":"\n<div class=\"wp-block-group alignfull has-text-color has-background\" style=\"background-color:#ffffff;color:#000000\"><div class=\"wp-block-group__inner-container is-layout-flow wp-block-group-is-layout-flow\">\n<div style=\"height:64px\" aria-hidden=\"true\" class=\"wp-block-spacer\"><\/div>\n\n\n\n<p class=\"has-text-align-center has-small-font-size\" style=\"line-height:.9\"><strong>POMAGAJ<\/strong><\/p>\n\n\n\n<p>Je\u017celi masz w tygodniu chocia\u017c godzin\u0119 i chcesz pom\u00f3c w nauce komu\u015b, kto tego potrzebuje \u2013 zg\u0142o\u015b si\u0119 osobi\u015bcie lub przez e-dziennik do koordynatorek projektu \u2013 p. Adriany Ajchel Morawskiej (j. angielski, inne j\u0119zyki), p. Magdaleny Mamrot (chemia), p. Edyty Szcz\u0119\u015bniak (matematyka, fizyka, informatyka), p. Iwony Bednarczyk (j. polski). Je\u017celi jeste\u015b osob\u0105, kt\u00f3ra potrzebuje pomocy, aby zrozumie\u0107 materia\u0142, nadrobi\u0107 zaleg\u0142o\u015bci lub poprawi\u0107 wyniki w nauce poinformuj nas. W miar\u0119 mo\u017cliwo\u015bci, zapewniaj\u0105c dyskrecj\u0119, postaramy si\u0119 znale\u017a\u0107 odpowiedni\u0105 pomoc.<\/p>\n\n\n\n<div class=\"wp-block-buttons is-horizontal is-content-justification-center is-layout-flex wp-container-core-buttons-is-layout-499968f5 wp-block-buttons-is-layout-flex\">\n<div class=\"wp-block-button has-custom-width wp-block-button__width-50\"><a class=\"wp-block-button__link has-text-color has-background\" href=\"https:\/\/lowegrow.aplus.pl\/cms\/contact\/\" style=\"border-radius:50px;background-color:#000000;color:#ffffff\">Zg\u0142o\u015b si\u0119<\/a><\/div>\n<\/div>\n\n\n\n<div style=\"height:64px\" aria-hidden=\"true\" class=\"wp-block-spacer\"><\/div>\n<\/div><\/div>\n","protected":false},"excerpt":{"rendered":"<p>POMAGAJ Je\u017celi masz w tygodniu chocia\u017c godzin\u0119 i chcesz pom\u00f3c w nauce komu\u015b, kto tego potrzebuje \u2013 zg\u0142o\u015b si\u0119 osobi\u015bcie lub przez e-dziennik do koordynatorek projektu \u2013 p. Adriany Ajchel Morawskiej (j. angielski, inne j\u0119zyki), p. Magdaleny Mamrot (chemia), p. Edyty Szcz\u0119\u015bniak (matematyka, fizyka, informatyka), p. Iwony Bednarczyk (j. polski). Je\u017celi jeste\u015b osob\u0105, kt\u00f3ra potrzebuje [&hellip;]<\/p>\n","protected":false},"author":1,"featured_media":0,"parent":0,"menu_order":0,"comment_status":"closed","ping_status":"closed","template":"","meta":{"_eb_attr":"","ngg_post_thumbnail":0,"footnotes":""},"class_list":["post-385","page","type-page","status-publish","hentry"],"blog_post_layout_featured_media_urls":{"thumbnail":"","full":""},"categories_names":null,"comments_number":"0","_links":{"self":[{"href":"https:\/\/lowegrow.aplus.pl\/cms\/wp-json\/wp\/v2\/pages\/385","targetHints":{"allow":["GET"]}}],"collection":[{"href":"https:\/\/lowegrow.aplus.pl\/cms\/wp-json\/wp\/v2\/pages"}],"about":[{"href":"https:\/\/lowegrow.aplus.pl\/cms\/wp-json\/wp\/v2\/types\/page"}],"author":[{"embeddable":true,"href":"https:\/\/lowegrow.aplus.pl\/cms\/wp-json\/wp\/v2\/users\/1"}],"replies":[{"embeddable":true,"href":"https:\/\/lowegrow.aplus.pl\/cms\/wp-json\/wp\/v2\/comments?post=385"}],"version-history":[{"count":3,"href":"https:\/\/lowegrow.aplus.pl\/cms\/wp-json\/wp\/v2\/pages\/385\/revisions"}],"predecessor-version":[{"id":706,"href":"https:\/\/lowegrow.aplus.pl\/cms\/wp-json\/wp\/v2\/pages\/385\/revisions\/706"}],"wp:attachment":[{"href":"https:\/\/lowegrow.aplus.pl\/cms\/wp-json\/wp\/v2\/media?parent=385"}],"curies":[{"name":"wp","href":"https:\/\/api.w.org\/{rel}","templated":true}]}}